{"id":1050,"date":"2015-08-18T14:01:21","date_gmt":"2015-08-18T14:01:21","guid":{"rendered":"http:\/\/bs-agro.digitalbundle.net\/?page_id=1050"},"modified":"2025-09-26T10:31:03","modified_gmt":"2025-09-26T08:31:03","slug":"home","status":"publish","type":"page","link":"https:\/\/bs-agro.digitalbundle.net\/","title":{"rendered":"Home"},"content":{"rendered":"<section class=\"wpb-content-wrapper\"><p>[vc_row el_id=\u00a0\u00bbquisommesnous\u00a0\u00bb][vc_column]<div class=\"sc_content content_wrap\" style=\"margin-bottom:4.35em !important;\">[vc_empty_space height=\u00a0\u00bb3.8em\u00a0\u00bb]<h2 class=\"sc_title sc_title_regular sc_align_center styling2\" style=\"margin-bottom:0.2em;text-align:center;\"><strong>QUI SOMMES NOUS\u00a0?<\/strong><\/h2>[vc_column_text el_class=\u00a0\u00bbdescription\u00a0\u00bb]<\/p>\n<p style=\"text-align: center;\">BS Agro est une soci\u00e9t\u00e9 tunisienne sp\u00e9cialis\u00e9e dans la distribution des intrants agricoles.<\/p>\n<p style=\"text-align: center;\">BS Agro fait partie du groupe Alfa, pionnier de l\u2019alimentation animale en Tunisie et d\u00e9tenant plusieurs activit\u00e9s agro-industrielles.<\/p>\n<p>[\/vc_column_text]<\/div>[vc_row_inner css=\u00a0\u00bb.vc_custom_1716544126424{margin-bottom: 4.2em !important;}\u00a0\u00bb el_id=\u00a0\u00bbQUEfAISONS-NOUS\u00a0\u00bb][vc_column_inner width=\u00a0\u00bb1\/2&Prime;]<h4 class=\"sc_title sc_title_regular sc_align_left styling1\" style=\"margin-bottom:0px;text-align:left;\"><strong>QUE FAISONS-NOUS\u00a0?<\/strong><\/h4>[vc_column_text]BS Agro et ses partenaires mettent au service des agriculteurs tunisiens leur expertise pour les aider \u00e0 mieux utiliser les intrants agricoles et \u00e0 s\u2019adapter aux changements climatiques.<\/p>\n<p>BS Agro propose des produits et des conseils techniques pour aider les agriculteurs \u00e0 am\u00e9liorer leurs rendements et \u00e0 r\u00e9duire leur impact sur l&rsquo;environnement.[\/vc_column_text]<a href=\"\/our-clients\/\" class=\"sc_button sc_button_square sc_button_style_filled sc_button_bg_color_style_bg_style2 sc_button_size_small\" style=\"margin-top:1.914em;margin-left:20px;\">Contactez-nous<\/a>[\/vc_column_inner][vc_column_inner width=\u00a0\u00bb1\/2&Prime; offset=\u00a0\u00bbvc_col-md-6&Prime;]<figure class=\"sc_image  sc_image_shape_square\"><img decoding=\"async\" src=\"https:\/\/bs-agro.digitalbundle.net\/wp-content\/uploads\/2024\/05\/QUE-FAISONS-NOUS-2.webp\" alt=\"\" \/><\/figure>[\/vc_column_inner][\/vc_row_inner][\/vc_column][\/vc_row][vc_row el_id=\u00a0\u00bbENGAGEMENTS\u00a0\u00bb][vc_column]<div class=\"sc_content content_wrap\"><div class=\"columns_wrap sc_columns columns_nofluid no_margins nodark_section_columns sc_columns_count_2\"><div class=\"column-1_2 sc_column_item sc_column_item_1 odd first\"><figure class=\"sc_image  sc_image_shape_square\"><img decoding=\"async\" src=\"https:\/\/bs-agro.digitalbundle.net\/wp-content\/uploads\/2024\/05\/photo-1625246333195-78d9c38ad449.jpeg\" alt=\"\" \/><\/figure><\/div><div class=\"column-1_2 sc_column_item sc_column_item_2 even\"><h4 class=\"sc_title sc_title_regular sc_align_left styling1\" style=\"margin-left:20px;text-align:left;\"><strong>NOS ENGAGEMENTS<\/strong><\/h4>[vc_column_text css=\u00a0\u00bb.vc_custom_1715707304257{margin-left: 20px !important;}\u00a0\u00bb]BS Agro est engag\u00e9e dans une d\u00e9marche de d\u00e9veloppement durable et de pr\u00e9servation de l&rsquo;environnement. Elle propose des produits et des services innovants qui contribuent \u00e0 am\u00e9liorer la productivit\u00e9 et la durabilit\u00e9 de l\u2019agriculture en Tunisie<\/p>\n<p>BS Agro propose des produits et services de haute qualit\u00e9, s\u00e9lectionn\u00e9s aupr\u00e8s des meilleurs fournisseurs internationaux, et r\u00e9pondent aux normes les plus strictes.[\/vc_column_text]<a href=\"\/contact\/\" class=\"sc_button sc_button_square sc_button_style_filled sc_button_bg_color_style_bg_style2 sc_button_size_small\" style=\"margin-top:1.914em;margin-left:20px;\">Contactez-nous<\/a><\/div><\/div><\/div>[vc_empty_space height=\u00a0\u00bb58px\u00a0\u00bb][\/vc_column][\/vc_row][vc_row el_id=\u00a0\u00bbbloc3&Prime;][vc_column width=\u00a0\u00bb1\/2&Prime;]<div class=\"sc_content content_wrap\"><div class=\"columns_wrap sc_columns columns_nofluid no_margins nodark_section_columns sc_columns_count_2\"><div class=\"column-1_2 sc_column_item sc_column_item_1 odd first\"><h4 id=\"equipe\" class=\"sc_title sc_title_regular sc_align_left styling1\" style=\"margin-left:20px;text-align:left;\"><strong>NOTRE EQUIPE<\/strong><\/h4>[vc_column_text css=\u00a0\u00bb.vc_custom_1715710134525{margin-left: 20px !important;}\u00a0\u00bb]L&rsquo;\u00e9quipe BS Agro est compos\u00e9e de professionnels passionn\u00e9s par l&rsquo;agriculture et qui sont engag\u00e9s \u00e0 accompagner les agriculteurs tunisiens dans leur d\u00e9veloppement.<\/p>\n<p>L&rsquo;\u00e9quipe BS Agro en collaboration avec ces partenaires, fournit des conseils et une assistance technique aux agriculteurs tunisiens, et r\u00e9pondent \u00e0 leurs besoins dans toutes les \u00e9tapes du processus cultural.[\/vc_column_text][vc_empty_space]<a href=\"\/contact\/\" class=\"sc_button sc_button_square sc_button_style_filled sc_button_bg_color_style_bg_style2 sc_button_size_small\" style=\"margin-top:1.914em;margin-left:20px;\">Contactez-nous<\/a><\/div><div class=\"column-1_2 sc_column_item sc_column_item_2 even\"><\/div><\/div><\/div>[vc_empty_space height=\u00a0\u00bb58px\u00a0\u00bb][\/vc_column][vc_column width=\u00a0\u00bb1\/2&Prime;]<figure class=\"sc_image  sc_image_shape_square\"><img decoding=\"async\" src=\"https:\/\/bs-agro.digitalbundle.net\/wp-content\/uploads\/2024\/05\/EQUIPE-1-2.jpg\" alt=\"\" \/><\/figure>[\/vc_column][\/vc_row][vc_row full_width=\u00a0\u00bbstretch_row_content_no_spaces\u00a0\u00bb el_id=\u00a0\u00bbpartenaire\u00a0\u00bb][vc_column]<div class=\"sc_section sc_section_reverse_no\" style=\"background-color:#f7f7f7;\"><div class=\"sc_section_inner\"><div class=\"sc_section_overlay\" style=\"\"><div class=\"sc_section_content padding_on\" style=\"\"><div class=\"sc_content content_wrap\"><div id=\"sc_clients_1684996882_wrap\" class=\"sc_clients_wrap\"><div id=\"sc_clients_1684996882\" class=\"sc_clients sc_clients_style_clients-1  sc_slider_nopagination sc_slider_nocontrols sc_slider_swiper swiper-slider-container sc_slider_height_auto\" data-interval=\"5000\" data-slides-per-view=\"2\" style=\"margin-top:3em;margin-bottom:3em;width:100%;\"><h2 class=\"sc_clients_title sc_item_title\">NOS PARTENAIRES<\/h2><div class=\"slides swiper-wrapper\"><div class=\"swiper-slide\" data-style=\"width:100%;\" style=\"width:100%;\">\t\t\t<div id=\"sc_clients_1684996882_1\" class=\"sc_clients_item sc_clients_item_1 odd first\">\n\t\t\t\t\t\t\t\t<div class=\"sc_client_image\"><img decoding=\"async\" class=\"wp-post-image\" alt=\"Fervaller\" src=\"https:\/\/bs-agro.digitalbundle.net\/wp-content\/uploads\/2024\/05\/fervalle-1-768x157-1.png\"><\/div>\n\t\t\t\t\t\t\t<\/div>\n\t\t<\/div><div class=\"swiper-slide\" data-style=\"width:100%;\" style=\"width:100%;\">\t\t\t<div id=\"sc_clients_1684996882_2\" class=\"sc_clients_item sc_clients_item_2 even\">\n\t\t\t\t\t\t\t\t<div class=\"sc_client_image\"><img decoding=\"async\" class=\"wp-post-image\" alt=\"Stoller\" src=\"https:\/\/bs-agro.digitalbundle.net\/wp-content\/uploads\/2024\/05\/Stoller_logo-horizontal-2-300x105-removebg-preview.png\"><\/div>\n\t\t\t\t\t\t\t<\/div>\n\t\t<\/div><\/div><div class=\"sc_slider_controls_wrap\"><a class=\"sc_slider_prev\" href=\"#\"><\/a><a class=\"sc_slider_next\" href=\"#\"><\/a><\/div><div class=\"sc_slider_pagination_wrap\"><\/div><\/div><!-- \/.sc_clients --><\/div><!-- \/.sc_clients_wrap --><\/div><\/div><\/div><\/div><\/div>[\/vc_column][\/vc_row]<\/p>\n<\/section>","protected":false},"excerpt":{"rendered":"<p>[vc_row el_id=\u00a0\u00bbquisommesnous\u00a0\u00bb][vc_column][vc_row_inner css=\u00a0\u00bb.vc_custom_1716544126424{margin-bottom: 4.2em !important;}\u00a0\u00bb el_id=\u00a0\u00bbQUEfAISONS-NOUS\u00a0\u00bb][vc_column_inner width=\u00a0\u00bb1\/2&Prime;][vc_column_text]BS Agro et ses partenaires mettent au service des agriculteurs tunisiens leur expertise pour les aider \u00e0 mieux utiliser les intrants agricoles et \u00e0 [&hellip;]<\/p>\n","protected":false},"author":1,"featured_media":0,"parent":0,"menu_order":0,"comment_status":"open","ping_status":"open","template":"","meta":{"footnotes":""},"_links":{"self":[{"href":"https:\/\/bs-agro.digitalbundle.net\/index.php\/wp-json\/wp\/v2\/pages\/1050"}],"collection":[{"href":"https:\/\/bs-agro.digitalbundle.net\/index.php\/wp-json\/wp\/v2\/pages"}],"about":[{"href":"https:\/\/bs-agro.digitalbundle.net\/index.php\/wp-json\/wp\/v2\/types\/page"}],"author":[{"embeddable":true,"href":"https:\/\/bs-agro.digitalbundle.net\/index.php\/wp-json\/wp\/v2\/users\/1"}],"replies":[{"embeddable":true,"href":"https:\/\/bs-agro.digitalbundle.net\/index.php\/wp-json\/wp\/v2\/comments?post=1050"}],"version-history":[{"count":25,"href":"https:\/\/bs-agro.digitalbundle.net\/index.php\/wp-json\/wp\/v2\/pages\/1050\/revisions"}],"predecessor-version":[{"id":2385,"href":"https:\/\/bs-agro.digitalbundle.net\/index.php\/wp-json\/wp\/v2\/pages\/1050\/revisions\/2385"}],"wp:attachment":[{"href":"https:\/\/bs-agro.digitalbundle.net\/index.php\/wp-json\/wp\/v2\/media?parent=1050"}],"curies":[{"name":"wp","href":"https:\/\/api.w.org\/{rel}","templated":true}]}}